{"id":12969,"date":"2023-08-23T07:42:06","date_gmt":"2023-08-23T07:42:06","guid":{"rendered":"https:\/\/insights.avea-life.com\/learning-hub\/"},"modified":"2025-10-16T03:22:57","modified_gmt":"2025-10-16T03:22:57","slug":"learning-hub","status":"publish","type":"page","link":"https:\/\/insights.avea-life.com\/fr\/","title":{"rendered":"Learning Hub"},"content":{"rendered":"<section class=\"hero-banner hero-banner-main\"     >\n    <div class=\"container\">\n        <div class=\"content\">\n            <div class=\"banner-section\">\n                <div class=\"row\">\n                    <div class=\"col\">\n                        <div class=\"text-center\">\n\n                            \n                            <h1>\n                                                                <span class=\"over-title \">LONGEVITY INSIGHTS<\/span>\n                                                                AVEA Longevity Insights                            <\/h1>\n                                                                                    <p>D\u00e9couvrez la science du vieillissement et apprenez \u00e0 l\u2019appliquer pour vous sentir plein\u00b7e d\u2019\u00e9nergie, jeune et en bonne sant\u00e9 le plus longtemps possible.<\/p>\n                                                    <\/div>\n                    <\/div>\n                <\/div>\n            <\/div>\n        <\/div>\n    <\/div>\n<\/section>\n\n<section class=\"avea-longevity-journey alj-coloured-bg\">\n    <div class=\"container\">\n                        <div class=\"alj-item-list mb-52px mb-lg-0\">\n            <div class=\"alj-items listing-category \">\n                <div class=\"row\">\n                                                            <div class=\"col col-6 col-md-4 col-lg-3\">\n                        <a href=\"https:\/\/insights.avea-life.com\/fr\/longevity\/\">\n                            <div class=\"alji-item\">\n                                                                <div class=\"alji-image\">\n                                    <img  class='img-fluid'  src='https:\/\/insights.avea-life.com\/wp-content\/uploads\/2025\/09\/longevity.svg' srcset='' sizes='(max-width: 70px) 100vw, 70px' alt='' \/>                                <\/div>\n                                                                <div class=\"alji-content\">\n                                    <h5>Longevity<\/h5>\n                                <\/div>\n                            <\/div>\n                        <\/a>\n                    <\/div>\n                                        <div class=\"col col-6 col-md-4 col-lg-3\">\n                        <a href=\"https:\/\/insights.avea-life.com\/fr\/energie-et-clarte\/\">\n                            <div class=\"alji-item\">\n                                                                <div class=\"alji-image\">\n                                    <img  class='img-fluid'  src='https:\/\/insights.avea-life.com\/wp-content\/uploads\/2025\/09\/energy-clarity.svg' srcset='' sizes='(max-width: 70px) 100vw, 70px' alt='' \/>                                <\/div>\n                                                                <div class=\"alji-content\">\n                                    <h5>\u00c9nergie et Clart\u00e9<\/h5>\n                                <\/div>\n                            <\/div>\n                        <\/a>\n                    <\/div>\n                                        <div class=\"col col-6 col-md-4 col-lg-3\">\n                        <a href=\"https:\/\/insights.avea-life.com\/fr\/skincare\/\">\n                            <div class=\"alji-item\">\n                                                                <div class=\"alji-image\">\n                                    <img  class='img-fluid'  src='https:\/\/insights.avea-life.com\/wp-content\/uploads\/2025\/09\/skincare.svg' srcset='' sizes='(max-width: 70px) 100vw, 70px' alt='' \/>                                <\/div>\n                                                                <div class=\"alji-content\">\n                                    <h5>Soins de la peau<\/h5>\n                                <\/div>\n                            <\/div>\n                        <\/a>\n                    <\/div>\n                                        <div class=\"col col-6 col-md-4 col-lg-3\">\n                        <a href=\"https:\/\/insights.avea-life.com\/fr\/meilleur-sommeil\/\">\n                            <div class=\"alji-item\">\n                                                                <div class=\"alji-image\">\n                                    <img  class='img-fluid'  src='https:\/\/insights.avea-life.com\/wp-content\/uploads\/2025\/09\/better-sleep.svg' srcset='' sizes='(max-width: 70px) 100vw, 70px' alt='' \/>                                <\/div>\n                                                                <div class=\"alji-content\">\n                                    <h5>Meilleur Sommeil<\/h5>\n                                <\/div>\n                            <\/div>\n                        <\/a>\n                    <\/div>\n                                        <div class=\"col col-6 col-md-4 col-lg-3\">\n                        <a href=\"https:\/\/insights.avea-life.com\/fr\/menopause\/\">\n                            <div class=\"alji-item\">\n                                                                <div class=\"alji-image\">\n                                    <img  class='img-fluid'  src='https:\/\/insights.avea-life.com\/wp-content\/uploads\/2025\/09\/menopause.svg' srcset='' sizes='(max-width: 70px) 100vw, 70px' alt='' \/>                                <\/div>\n                                                                <div class=\"alji-content\">\n                                    <h5>M\u00e9nopause<\/h5>\n                                <\/div>\n                            <\/div>\n                        <\/a>\n                    <\/div>\n                                        <div class=\"col col-6 col-md-4 col-lg-3\">\n                        <a href=\"https:\/\/insights.avea-life.com\/fr\/metabolisme\/\">\n                            <div class=\"alji-item\">\n                                                                <div class=\"alji-image\">\n                                    <img  class='img-fluid'  src='https:\/\/insights.avea-life.com\/wp-content\/uploads\/2025\/09\/metabolism.svg' srcset='' sizes='(max-width: 70px) 100vw, 70px' alt='' \/>                                <\/div>\n                                                                <div class=\"alji-content\">\n                                    <h5>M\u00e9tabolisme<\/h5>\n                                <\/div>\n                            <\/div>\n                        <\/a>\n                    <\/div>\n                                        <div class=\"col col-6 col-md-4 col-lg-3\">\n                        <a href=\"https:\/\/insights.avea-life.com\/fr\/sante-intestinale\/\">\n                            <div class=\"alji-item\">\n                                                                <div class=\"alji-image\">\n                                    <img  class='img-fluid'  src='https:\/\/insights.avea-life.com\/wp-content\/uploads\/2025\/09\/gut-health.svg' srcset='' sizes='(max-width: 70px) 100vw, 70px' alt='' \/>                                <\/div>\n                                                                <div class=\"alji-content\">\n                                    <h5>Sant\u00e9 Intestinale<\/h5>\n                                <\/div>\n                            <\/div>\n                        <\/a>\n                    <\/div>\n                                        <div class=\"col col-6 col-md-4 col-lg-3\">\n                        <a href=\"https:\/\/insights.avea-life.com\/fr\/soins-articulaires\/\">\n                            <div class=\"alji-item\">\n                                                                <div class=\"alji-image\">\n                                    <img  class='img-fluid'  src='https:\/\/insights.avea-life.com\/wp-content\/uploads\/2025\/09\/joint-care.svg' srcset='' sizes='(max-width: 70px) 100vw, 70px' alt='' \/>                                <\/div>\n                                                                <div class=\"alji-content\">\n                                    <h5>Soins Articulaires<\/h5>\n                                <\/div>\n                            <\/div>\n                        <\/a>\n                    <\/div>\n                                    <\/div>\n            <\/div>\n        <\/div>\n                    <\/div>\n<\/section>\n\n\n\n<!-- Recommendation Section -->\n<section class=\"recommendation-section\">\n  <div class=\"container\">\n    <div class=\"row\">\n      \n            <div class=\"col-xl-8\">\n        <div class=\"rs-content-box\">\n                    <div class=\"section-title d-flex justify-content-between align-items-center\">\n                            <h2>Nos recommandations<\/h2>\n                            \n                        <\/div>\n\n          \n                    <div class=\"row\">\n\n                         <!-- For first layout -->\n            <div class=\"col-12\">\n              <div class=\"rsc-hero\">\n                \n                \n                <div class=\"gl-single\">\n                  <a href=\"https:\/\/insights.avea-life.com\/fr\/better-sleep\/les-mythes-sur-la-melatonine-pourquoi-ce-somnifere-populaire-echoue-souvent\/\">\n                    <img loading=\"lazy\" decoding=\"async\" width=\"700\" height=\"400\" src=\"https:\/\/insights.avea-life.com\/wp-content\/uploads\/2025\/09\/8-Melatonin-Myths-Why-This-Popular-Sleep-Aid-Often-Fails.png\" class=\"attachment-822x402 size-822x402 wp-post-image\" alt=\"\" srcset=\"https:\/\/insights.avea-life.com\/wp-content\/uploads\/2025\/09\/8-Melatonin-Myths-Why-This-Popular-Sleep-Aid-Often-Fails.png 700w, https:\/\/insights.avea-life.com\/wp-content\/uploads\/2025\/09\/8-Melatonin-Myths-Why-This-Popular-Sleep-Aid-Often-Fails-300x171.png 300w\" sizes=\"auto, (max-width: 700px) 100vw, 700px\" style=\"width:100%;height:48.91%;max-width:822px;\" \/>                  <\/a>\n                  <div class=\"post-meta cd-cat\">\n                    <a href=\"https:\/\/insights.avea-life.com\/fr\/meilleur-sommeil\/\">\n                      <h4 class=\"text-uppercase\">Meilleur Sommeil<\/h4>\n                    <\/a>\n                  <\/div>\n\n                                    <a href=\"https:\/\/insights.avea-life.com\/fr\/better-sleep\/les-mythes-sur-la-melatonine-pourquoi-ce-somnifere-populaire-echoue-souvent\/\">\n                    <h3>Les mythes sur la m\u00e9latonine : pourquoi ce somnif\u00e8re populaire \u00e9choue souvent<\/h3>\n                  <\/a>\n                                  <\/div>\n\n                              <\/div>\n                          <\/div>\n                        \n                                <div class=\"col-md-4\">\n                \n                <div class=\"gl-single\">\n                  <a href=\"https:\/\/insights.avea-life.com\/fr\/skincare\/quest-ce-que-le-collagene-et-pourquoi-votre-complement-alimentaire-a-base-de-collagene-pourrait-ne-pas-etre-efficace\/\">\n                    <img loading=\"lazy\" decoding=\"async\" width=\"700\" height=\"400\" src=\"https:\/\/insights.avea-life.com\/wp-content\/uploads\/2025\/09\/5-What-is-collagen-and-why-your-collagen-supplement-might-not-be-working.png\" class=\"attachment-822x402 size-822x402 wp-post-image\" alt=\"\" srcset=\"https:\/\/insights.avea-life.com\/wp-content\/uploads\/2025\/09\/5-What-is-collagen-and-why-your-collagen-supplement-might-not-be-working.png 700w, https:\/\/insights.avea-life.com\/wp-content\/uploads\/2025\/09\/5-What-is-collagen-and-why-your-collagen-supplement-might-not-be-working-300x171.png 300w\" sizes=\"auto, (max-width: 700px) 100vw, 700px\" style=\"width:100%;height:48.91%;max-width:822px;\" \/>                  <\/a>\n                  <div class=\"post-meta cd-cat\">\n                    <a href=\"https:\/\/insights.avea-life.com\/fr\/skincare\/\">\n                      <h4 class=\"text-uppercase\">Soins de la peau<\/h4>\n                    <\/a>\n                  <\/div>\n\n                                    <a href=\"https:\/\/insights.avea-life.com\/fr\/skincare\/quest-ce-que-le-collagene-et-pourquoi-votre-complement-alimentaire-a-base-de-collagene-pourrait-ne-pas-etre-efficace\/\">\n                    <h3>Qu&rsquo;est-ce que le collag\u00e8ne et pourquoi votre compl\u00e9ment alimentaire \u00e0 base de collag\u00e8ne pourrait ne pas \u00eatre efficace ?<\/h3>\n                  <\/a>\n                                  <\/div>\n\n                            <\/div>\n                        \n                                <div class=\"col-md-4\">\n                \n                <div class=\"gl-single\">\n                  <a href=\"https:\/\/insights.avea-life.com\/fr\/longevity\/lage-biologique-explique-comment-le-mesurer-et-le-reduire\/\">\n                    <img loading=\"lazy\" decoding=\"async\" width=\"700\" height=\"400\" src=\"https:\/\/insights.avea-life.com\/wp-content\/uploads\/2025\/09\/3-Biological-Age-Explained_-How-to-Measure-and-Reduce-It.png\" class=\"attachment-822x402 size-822x402 wp-post-image\" alt=\"\" srcset=\"https:\/\/insights.avea-life.com\/wp-content\/uploads\/2025\/09\/3-Biological-Age-Explained_-How-to-Measure-and-Reduce-It.png 700w, https:\/\/insights.avea-life.com\/wp-content\/uploads\/2025\/09\/3-Biological-Age-Explained_-How-to-Measure-and-Reduce-It-300x171.png 300w\" sizes=\"auto, (max-width: 700px) 100vw, 700px\" style=\"width:100%;height:48.91%;max-width:822px;\" \/>                  <\/a>\n                  <div class=\"post-meta cd-cat\">\n                    <a href=\"https:\/\/insights.avea-life.com\/fr\/longevity\/\">\n                      <h4 class=\"text-uppercase\">Longevity<\/h4>\n                    <\/a>\n                  <\/div>\n\n                                    <a href=\"https:\/\/insights.avea-life.com\/fr\/longevity\/lage-biologique-explique-comment-le-mesurer-et-le-reduire\/\">\n                    <h3>L&rsquo;\u00e2ge biologique expliqu\u00e9 : comment le mesurer et le r\u00e9duire<\/h3>\n                  <\/a>\n                                  <\/div>\n\n                            <\/div>\n                        \n                                <div class=\"col-md-4\">\n                \n                <div class=\"gl-single\">\n                  <a href=\"https:\/\/insights.avea-life.com\/fr\/longevity\/quest-ce-que-le-nmn-et-comment-fonctionne-t-il\/\">\n                    <img loading=\"lazy\" decoding=\"async\" width=\"700\" height=\"400\" src=\"https:\/\/insights.avea-life.com\/wp-content\/uploads\/2025\/09\/1-What-is-NMN-and-how-does-it-work.png\" class=\"attachment-822x402 size-822x402 wp-post-image\" alt=\"\" srcset=\"https:\/\/insights.avea-life.com\/wp-content\/uploads\/2025\/09\/1-What-is-NMN-and-how-does-it-work.png 700w, https:\/\/insights.avea-life.com\/wp-content\/uploads\/2025\/09\/1-What-is-NMN-and-how-does-it-work-300x171.png 300w\" sizes=\"auto, (max-width: 700px) 100vw, 700px\" style=\"width:100%;height:48.91%;max-width:822px;\" \/>                  <\/a>\n                  <div class=\"post-meta cd-cat\">\n                    <a href=\"https:\/\/insights.avea-life.com\/fr\/longevity\/\">\n                      <h4 class=\"text-uppercase\">Longevity<\/h4>\n                    <\/a>\n                  <\/div>\n\n                                    <a href=\"https:\/\/insights.avea-life.com\/fr\/longevity\/quest-ce-que-le-nmn-et-comment-fonctionne-t-il\/\">\n                    <h3>Qu&rsquo;est-ce que le NMN et comment fonctionne-t-il ?<\/h3>\n                  <\/a>\n                                  <\/div>\n\n                            <\/div>\n            \n          <\/div>\n                  <\/div>\n      <\/div>\n      \n      <!-- Trending section -->\n            \n      \n      <!-- Trending section -->\n            \n      <div class=\"col-xl-4\">\n        <aside class=\"trending\">\n                    <div class=\"section-title\">\n            <h2>Articles populaires<\/h2>\n          <\/div>\n          \n          \n                    <div class=\"trending-items\">\n                        <div class=\"ti-item\">\n              <div class=\"gl-single\">\n\n                                <div class=\"post-meta cd-cat\">\n                  <a href=\"https:\/\/insights.avea-life.com\/fr\/meilleur-sommeil\/\">\n                    <h4 class=\"text-uppercase\">Meilleur Sommeil<\/h4>\n                  <\/a>\n                <\/div>\n                \n                                <a href=\"https:\/\/insights.avea-life.com\/fr\/better-sleep\/quest-ce-que-le-cortisol-et-comment-ameliorer-votre-taux-de-cortisol\/\">\n                  <h4>Qu&rsquo;est-ce que le cortisol et comment am\u00e9liorer votre taux de cortisol ?<\/h4>\n                <\/a>\n                              <\/div>\n            <\/div>\n                        <div class=\"ti-item\">\n              <div class=\"gl-single\">\n\n                                <div class=\"post-meta cd-cat\">\n                  <a href=\"https:\/\/insights.avea-life.com\/fr\/sante-intestinale\/\">\n                    <h4 class=\"text-uppercase\">Sant\u00e9 Intestinale<\/h4>\n                  <\/a>\n                <\/div>\n                \n                                <a href=\"https:\/\/insights.avea-life.com\/fr\/gut-health\/comprendre-le-microbiome-intestinal-et-les-probiotiques-pourquoi-votre-sante-commence-dans-votre-intestin\/\">\n                  <h4>Comprendre le microbiome intestinal et les probiotiques : pourquoi votre sant\u00e9 commence dans votre intestin<\/h4>\n                <\/a>\n                              <\/div>\n            <\/div>\n                        <div class=\"ti-item\">\n              <div class=\"gl-single\">\n\n                                <div class=\"post-meta cd-cat\">\n                  <a href=\"https:\/\/insights.avea-life.com\/fr\/longevity\/\">\n                    <h4 class=\"text-uppercase\">Longevity<\/h4>\n                  <\/a>\n                <\/div>\n                \n                                <a href=\"https:\/\/insights.avea-life.com\/fr\/longevity\/les-cellules-zombies-accelerent-votre-vieillissement-comment-eliminer-naturellement-les-cellules-senescentes\/\">\n                  <h4>Les cellules zombies acc\u00e9l\u00e8rent votre vieillissement : comment \u00e9liminer naturellement les cellules s\u00e9nescentes<\/h4>\n                <\/a>\n                              <\/div>\n            <\/div>\n                        <div class=\"ti-item\">\n              <div class=\"gl-single\">\n\n                                <div class=\"post-meta cd-cat\">\n                  <a href=\"https:\/\/insights.avea-life.com\/fr\/meilleur-sommeil\/\">\n                    <h4 class=\"text-uppercase\">Meilleur Sommeil<\/h4>\n                  <\/a>\n                <\/div>\n                \n                                <a href=\"https:\/\/insights.avea-life.com\/fr\/better-sleep\/pourquoi-vous-vous-reveillez-encore-fatigue-meme-apres-8-heures-de-sommeil\/\">\n                  <h4>Pourquoi vous vous r\u00e9veillez encore fatigu\u00e9, m\u00eame apr\u00e8s 8 heures de sommeil<\/h4>\n                <\/a>\n                              <\/div>\n            <\/div>\n                        <div class=\"ti-item\">\n              <div class=\"gl-single\">\n\n                                <div class=\"post-meta cd-cat\">\n                  <a href=\"https:\/\/insights.avea-life.com\/fr\/skincare\/\">\n                    <h4 class=\"text-uppercase\">Soins de la peau<\/h4>\n                  <\/a>\n                <\/div>\n                \n                                <a href=\"https:\/\/insights.avea-life.com\/fr\/skincare\/avea-collagen-activator-review-une-analyse-approfondie-de-la-science-et-des-resultats\/\">\n                  <h4>AVEA Collagen Activator Review : une analyse approfondie de la science et des r\u00e9sultats<\/h4>\n                <\/a>\n                              <\/div>\n            <\/div>\n                        <div class=\"ti-item\">\n              <div class=\"gl-single\">\n\n                                <div class=\"post-meta cd-cat\">\n                  <a href=\"https:\/\/insights.avea-life.com\/fr\/longevity\/\">\n                    <h4 class=\"text-uppercase\">Longevity<\/h4>\n                  <\/a>\n                <\/div>\n                \n                                <a href=\"https:\/\/insights.avea-life.com\/fr\/longevity\/avis-sur-les-complements-avea-lavea-nmn-booster-fonctionne-t-il-vraiment\/\">\n                  <h4>Avis sur les compl\u00e9ments AVEA : l\u2019AVEA NMN + Booster fonctionne-t-il vraiment ?<\/h4>\n                <\/a>\n                              <\/div>\n            <\/div>\n                        <div class=\"ti-item\">\n              <div class=\"gl-single\">\n\n                                <div class=\"post-meta cd-cat\">\n                  <a href=\"https:\/\/insights.avea-life.com\/fr\/longevity\/\">\n                    <h4 class=\"text-uppercase\">Longevity<\/h4>\n                  <\/a>\n                <\/div>\n                \n                                <a href=\"https:\/\/insights.avea-life.com\/fr\/longevity\/injections-de-nad-ou-complements-alimentaires-a-base-de-nad-quelle-solution-est-la-plus-efficace-pour-preserver-durablement-la-sante-cellulaire\/\">\n                  <h4>Injections de NAD+ ou compl\u00e9ments alimentaires \u00e0 base de NAD+ : quelle solution est la plus efficace pour pr\u00e9server durablement la sant\u00e9 cellulaire ?<\/h4>\n                <\/a>\n                              <\/div>\n            <\/div>\n                      <\/div>\n                  <\/aside>\n      <\/div>\n\n            \n    <\/div>\n  <\/div>\n<\/section>\n\n\n\n<p><\/p>\n","protected":false},"excerpt":{"rendered":"","protected":false},"author":5,"featured_media":0,"parent":0,"menu_order":0,"comment_status":"closed","ping_status":"closed","template":"index.php","meta":{"_acf_changed":true,"limit_modified_date":"","last_modified_date":"","footnotes":""},"class_list":["post-12969","page","type-page","status-publish","hentry","entry"],"acf":[],"_links":{"self":[{"href":"https:\/\/insights.avea-life.com\/fr\/wp-json\/wp\/v2\/pages\/12969","targetHints":{"allow":["GET"]}}],"collection":[{"href":"https:\/\/insights.avea-life.com\/fr\/wp-json\/wp\/v2\/pages"}],"about":[{"href":"https:\/\/insights.avea-life.com\/fr\/wp-json\/wp\/v2\/types\/page"}],"author":[{"embeddable":true,"href":"https:\/\/insights.avea-life.com\/fr\/wp-json\/wp\/v2\/users\/5"}],"replies":[{"embeddable":true,"href":"https:\/\/insights.avea-life.com\/fr\/wp-json\/wp\/v2\/comments?post=12969"}],"version-history":[{"count":0,"href":"https:\/\/insights.avea-life.com\/fr\/wp-json\/wp\/v2\/pages\/12969\/revisions"}],"wp:attachment":[{"href":"https:\/\/insights.avea-life.com\/fr\/wp-json\/wp\/v2\/media?parent=12969"}],"curies":[{"name":"wp","href":"https:\/\/api.w.org\/{rel}","templated":true}]}}