{"id":4301,"date":"2023-08-23T07:42:06","date_gmt":"2023-08-23T07:42:06","guid":{"rendered":"https:\/\/insights.avea-life.com\/lernzentrum\/"},"modified":"2025-10-16T03:07:47","modified_gmt":"2025-10-16T03:07:47","slug":"lernzentrum","status":"publish","type":"page","link":"https:\/\/insights.avea-life.com\/de\/","title":{"rendered":"Learning Hub"},"content":{"rendered":"<section class=\"hero-banner hero-banner-main\"     >\n    <div class=\"container\">\n        <div class=\"content\">\n            <div class=\"banner-section\">\n                <div class=\"row\">\n                    <div class=\"col\">\n                        <div class=\"text-center\">\n\n                            \n                            <h1>\n                                                                <span class=\"over-title \">LONGEVITY INSIGHTS<\/span>\n                                                                AVEA Longevity Insights                            <\/h1>\n                                                                                    <p>Erfahren mehr \u00fcber die Wissenschaft des Alterns und wie du sie anwendest, um dich so lange wie m\u00f6glich lebendig, jung und gesund zu f\u00fchlen.<\/p>\n                                                    <\/div>\n                    <\/div>\n                <\/div>\n            <\/div>\n        <\/div>\n    <\/div>\n<\/section>\n\n<section class=\"avea-longevity-journey alj-coloured-bg\">\n    <div class=\"container\">\n                        <div class=\"alj-item-list mb-52px mb-lg-0\">\n            <div class=\"alj-items listing-category \">\n                <div class=\"row\">\n                                                            <div class=\"col col-6 col-md-4 col-lg-3\">\n                        <a href=\"https:\/\/insights.avea-life.com\/de\/longevity\/\">\n                            <div class=\"alji-item\">\n                                                                <div class=\"alji-image\">\n                                    <img  class='img-fluid'  src='https:\/\/insights.avea-life.com\/wp-content\/uploads\/2025\/09\/longevity.svg' srcset='' sizes='(max-width: 70px) 100vw, 70px' alt='' \/>                                <\/div>\n                                                                <div class=\"alji-content\">\n                                    <h5>Longevity<\/h5>\n                                <\/div>\n                            <\/div>\n                        <\/a>\n                    <\/div>\n                                        <div class=\"col col-6 col-md-4 col-lg-3\">\n                        <a href=\"https:\/\/insights.avea-life.com\/de\/energy-and-clarity\/\">\n                            <div class=\"alji-item\">\n                                                                <div class=\"alji-image\">\n                                    <img  class='img-fluid'  src='https:\/\/insights.avea-life.com\/wp-content\/uploads\/2025\/09\/energy-clarity.svg' srcset='' sizes='(max-width: 70px) 100vw, 70px' alt='' \/>                                <\/div>\n                                                                <div class=\"alji-content\">\n                                    <h5>Energie und Klarheit<\/h5>\n                                <\/div>\n                            <\/div>\n                        <\/a>\n                    <\/div>\n                                        <div class=\"col col-6 col-md-4 col-lg-3\">\n                        <a href=\"https:\/\/insights.avea-life.com\/de\/hautpflege\/\">\n                            <div class=\"alji-item\">\n                                                                <div class=\"alji-image\">\n                                    <img  class='img-fluid'  src='https:\/\/insights.avea-life.com\/wp-content\/uploads\/2025\/09\/skincare.svg' srcset='' sizes='(max-width: 70px) 100vw, 70px' alt='' \/>                                <\/div>\n                                                                <div class=\"alji-content\">\n                                    <h5>Hautpflege<\/h5>\n                                <\/div>\n                            <\/div>\n                        <\/a>\n                    <\/div>\n                                        <div class=\"col col-6 col-md-4 col-lg-3\">\n                        <a href=\"https:\/\/insights.avea-life.com\/de\/better-sleep\/\">\n                            <div class=\"alji-item\">\n                                                                <div class=\"alji-image\">\n                                    <img  class='img-fluid'  src='https:\/\/insights.avea-life.com\/wp-content\/uploads\/2025\/09\/better-sleep.svg' srcset='' sizes='(max-width: 70px) 100vw, 70px' alt='' \/>                                <\/div>\n                                                                <div class=\"alji-content\">\n                                    <h5>Besserer Schlaf<\/h5>\n                                <\/div>\n                            <\/div>\n                        <\/a>\n                    <\/div>\n                                        <div class=\"col col-6 col-md-4 col-lg-3\">\n                        <a href=\"https:\/\/insights.avea-life.com\/de\/wechseljahre\/\">\n                            <div class=\"alji-item\">\n                                                                <div class=\"alji-image\">\n                                    <img  class='img-fluid'  src='https:\/\/insights.avea-life.com\/wp-content\/uploads\/2025\/09\/menopause.svg' srcset='' sizes='(max-width: 70px) 100vw, 70px' alt='' \/>                                <\/div>\n                                                                <div class=\"alji-content\">\n                                    <h5>Wechseljahre<\/h5>\n                                <\/div>\n                            <\/div>\n                        <\/a>\n                    <\/div>\n                                        <div class=\"col col-6 col-md-4 col-lg-3\">\n                        <a href=\"https:\/\/insights.avea-life.com\/de\/stoffwechsel\/\">\n                            <div class=\"alji-item\">\n                                                                <div class=\"alji-image\">\n                                    <img  class='img-fluid'  src='https:\/\/insights.avea-life.com\/wp-content\/uploads\/2025\/09\/metabolism.svg' srcset='' sizes='(max-width: 70px) 100vw, 70px' alt='' \/>                                <\/div>\n                                                                <div class=\"alji-content\">\n                                    <h5>Stoffwechsel<\/h5>\n                                <\/div>\n                            <\/div>\n                        <\/a>\n                    <\/div>\n                                        <div class=\"col col-6 col-md-4 col-lg-3\">\n                        <a href=\"https:\/\/insights.avea-life.com\/de\/gut-health\/\">\n                            <div class=\"alji-item\">\n                                                                <div class=\"alji-image\">\n                                    <img  class='img-fluid'  src='https:\/\/insights.avea-life.com\/wp-content\/uploads\/2025\/09\/gut-health.svg' srcset='' sizes='(max-width: 70px) 100vw, 70px' alt='' \/>                                <\/div>\n                                                                <div class=\"alji-content\">\n                                    <h5>Darmgesundheit<\/h5>\n                                <\/div>\n                            <\/div>\n                        <\/a>\n                    <\/div>\n                                        <div class=\"col col-6 col-md-4 col-lg-3\">\n                        <a href=\"https:\/\/insights.avea-life.com\/de\/joint-care\/\">\n                            <div class=\"alji-item\">\n                                                                <div class=\"alji-image\">\n                                    <img  class='img-fluid'  src='https:\/\/insights.avea-life.com\/wp-content\/uploads\/2025\/09\/joint-care.svg' srcset='' sizes='(max-width: 70px) 100vw, 70px' alt='' \/>                                <\/div>\n                                                                <div class=\"alji-content\">\n                                    <h5>Gelenkgesundheit<\/h5>\n                                <\/div>\n                            <\/div>\n                        <\/a>\n                    <\/div>\n                                    <\/div>\n            <\/div>\n        <\/div>\n                    <\/div>\n<\/section>\n\n\n\n<!-- Recommendation Section -->\n<section class=\"recommendation-section\">\n  <div class=\"container\">\n    <div class=\"row\">\n      \n            <div class=\"col-xl-8\">\n        <div class=\"rs-content-box\">\n                    <div class=\"section-title d-flex justify-content-between align-items-center\">\n                            <h2>Unsere Empfehlung<\/h2>\n                            \n                        <\/div>\n\n          \n                    <div class=\"row\">\n\n                         <!-- For first layout -->\n            <div class=\"col-12\">\n              <div class=\"rsc-hero\">\n                \n                \n                <div class=\"gl-single\">\n                  <a href=\"https:\/\/insights.avea-life.com\/de\/better-sleep\/melatonin-mythen-warum-dieses-beliebte-schlafmittel-oft-versagt\/\">\n                    <img loading=\"lazy\" decoding=\"async\" width=\"700\" height=\"400\" src=\"https:\/\/insights.avea-life.com\/wp-content\/uploads\/2025\/09\/8-Melatonin-Myths-Why-This-Popular-Sleep-Aid-Often-Fails.png\" class=\"attachment-822x402 size-822x402 wp-post-image\" alt=\"\" srcset=\"https:\/\/insights.avea-life.com\/wp-content\/uploads\/2025\/09\/8-Melatonin-Myths-Why-This-Popular-Sleep-Aid-Often-Fails.png 700w, https:\/\/insights.avea-life.com\/wp-content\/uploads\/2025\/09\/8-Melatonin-Myths-Why-This-Popular-Sleep-Aid-Often-Fails-300x171.png 300w\" sizes=\"auto, (max-width: 700px) 100vw, 700px\" style=\"width:100%;height:48.91%;max-width:822px;\" \/>                  <\/a>\n                  <div class=\"post-meta cd-cat\">\n                    <a href=\"https:\/\/insights.avea-life.com\/de\/better-sleep\/\">\n                      <h4 class=\"text-uppercase\">Besserer Schlaf<\/h4>\n                    <\/a>\n                  <\/div>\n\n                                    <a href=\"https:\/\/insights.avea-life.com\/de\/better-sleep\/melatonin-mythen-warum-dieses-beliebte-schlafmittel-oft-versagt\/\">\n                    <h3>Melatonin-Mythen: Warum dieses beliebte Schlafmittel oft versagt<\/h3>\n                  <\/a>\n                                  <\/div>\n\n                              <\/div>\n                          <\/div>\n                        \n                                <div class=\"col-md-4\">\n                \n                <div class=\"gl-single\">\n                  <a href=\"https:\/\/insights.avea-life.com\/de\/skincare\/was-ist-kollagen-und-warum-dein-kollagen-supplement-vielleicht-nicht-wirkt\/\">\n                    <img loading=\"lazy\" decoding=\"async\" width=\"700\" height=\"400\" src=\"https:\/\/insights.avea-life.com\/wp-content\/uploads\/2025\/09\/5-what-is-collagen-and-why-your-collagen-supplement-might-not-be-working-69e8afa2929e5.webp\" class=\"attachment-822x402 size-822x402 wp-post-image\" alt=\"\" srcset=\"https:\/\/insights.avea-life.com\/wp-content\/uploads\/2025\/09\/5-what-is-collagen-and-why-your-collagen-supplement-might-not-be-working-69e8afa2929e5.webp 700w, https:\/\/insights.avea-life.com\/wp-content\/uploads\/2025\/09\/5-what-is-collagen-and-why-your-collagen-supplement-might-not-be-working-69e8afa2929e5-300x171.webp 300w\" sizes=\"auto, (max-width: 700px) 100vw, 700px\" style=\"width:100%;height:48.91%;max-width:822px;\" \/>                  <\/a>\n                  <div class=\"post-meta cd-cat\">\n                    <a href=\"https:\/\/insights.avea-life.com\/de\/hautpflege\/\">\n                      <h4 class=\"text-uppercase\">Hautpflege<\/h4>\n                    <\/a>\n                  <\/div>\n\n                                    <a href=\"https:\/\/insights.avea-life.com\/de\/skincare\/was-ist-kollagen-und-warum-dein-kollagen-supplement-vielleicht-nicht-wirkt\/\">\n                    <h3>Was ist Kollagen \u2013 und warum dein Kollagen-Supplement vielleicht nicht wirkt<\/h3>\n                  <\/a>\n                                  <\/div>\n\n                            <\/div>\n                        \n                                <div class=\"col-md-4\">\n                \n                <div class=\"gl-single\">\n                  <a href=\"https:\/\/insights.avea-life.com\/de\/longevity\/biologisches-alter-verstehen-wie-man-es-misst-und-reduziert\/\">\n                    <img loading=\"lazy\" decoding=\"async\" width=\"700\" height=\"400\" src=\"https:\/\/insights.avea-life.com\/wp-content\/uploads\/2025\/09\/3-biological-age-explained-how-to-measure-and-reduce-it-69e8b031df10e.webp\" class=\"attachment-822x402 size-822x402 wp-post-image\" alt=\"\" srcset=\"https:\/\/insights.avea-life.com\/wp-content\/uploads\/2025\/09\/3-biological-age-explained-how-to-measure-and-reduce-it-69e8b031df10e.webp 700w, https:\/\/insights.avea-life.com\/wp-content\/uploads\/2025\/09\/3-biological-age-explained-how-to-measure-and-reduce-it-69e8b031df10e-300x171.webp 300w\" sizes=\"auto, (max-width: 700px) 100vw, 700px\" style=\"width:100%;height:48.91%;max-width:822px;\" \/>                  <\/a>\n                  <div class=\"post-meta cd-cat\">\n                    <a href=\"https:\/\/insights.avea-life.com\/de\/longevity\/\">\n                      <h4 class=\"text-uppercase\">Longevity<\/h4>\n                    <\/a>\n                  <\/div>\n\n                                    <a href=\"https:\/\/insights.avea-life.com\/de\/longevity\/biologisches-alter-verstehen-wie-man-es-misst-und-reduziert\/\">\n                    <h3>Biologisches Alter verstehen: Wie man es misst \u2013 und reduziert<\/h3>\n                  <\/a>\n                                  <\/div>\n\n                            <\/div>\n                        \n                                <div class=\"col-md-4\">\n                \n                <div class=\"gl-single\">\n                  <a href=\"https:\/\/insights.avea-life.com\/de\/longevity\/was-ist-nmn-und-wie-wirkt-es\/\">\n                    <img loading=\"lazy\" decoding=\"async\" width=\"700\" height=\"400\" src=\"https:\/\/insights.avea-life.com\/wp-content\/uploads\/2025\/09\/1-What-is-NMN-and-how-does-it-work.png\" class=\"attachment-822x402 size-822x402 wp-post-image\" alt=\"\" srcset=\"https:\/\/insights.avea-life.com\/wp-content\/uploads\/2025\/09\/1-What-is-NMN-and-how-does-it-work.png 700w, https:\/\/insights.avea-life.com\/wp-content\/uploads\/2025\/09\/1-What-is-NMN-and-how-does-it-work-300x171.png 300w\" sizes=\"auto, (max-width: 700px) 100vw, 700px\" style=\"width:100%;height:48.91%;max-width:822px;\" \/>                  <\/a>\n                  <div class=\"post-meta cd-cat\">\n                    <a href=\"https:\/\/insights.avea-life.com\/de\/longevity\/\">\n                      <h4 class=\"text-uppercase\">Longevity<\/h4>\n                    <\/a>\n                  <\/div>\n\n                                    <a href=\"https:\/\/insights.avea-life.com\/de\/longevity\/was-ist-nmn-und-wie-wirkt-es\/\">\n                    <h3>Was ist NMN und wie wirkt es?<\/h3>\n                  <\/a>\n                                  <\/div>\n\n                            <\/div>\n            \n          <\/div>\n                  <\/div>\n      <\/div>\n      \n      <!-- Trending section -->\n            \n      \n      <!-- Trending section -->\n            \n      <div class=\"col-xl-4\">\n        <aside class=\"trending\">\n                    <div class=\"section-title\">\n            <h2>Trending<\/h2>\n          <\/div>\n          \n          \n                    <div class=\"trending-items\">\n                        <div class=\"ti-item\">\n              <div class=\"gl-single\">\n\n                                <div class=\"post-meta cd-cat\">\n                  <a href=\"https:\/\/insights.avea-life.com\/de\/better-sleep\/\">\n                    <h4 class=\"text-uppercase\">Besserer Schlaf<\/h4>\n                  <\/a>\n                <\/div>\n                \n                                <a href=\"https:\/\/insights.avea-life.com\/de\/better-sleep\/was-ist-cortisol-und-wie-kannst-du-deinen-cortisolspiegel-senken\/\">\n                  <h4>Was ist Cortisol \u2013 und wie kannst du deinen Cortisolspiegel senken?<\/h4>\n                <\/a>\n                              <\/div>\n            <\/div>\n                        <div class=\"ti-item\">\n              <div class=\"gl-single\">\n\n                                <div class=\"post-meta cd-cat\">\n                  <a href=\"https:\/\/insights.avea-life.com\/de\/gut-health\/\">\n                    <h4 class=\"text-uppercase\">Darmgesundheit<\/h4>\n                  <\/a>\n                <\/div>\n                \n                                <a href=\"https:\/\/insights.avea-life.com\/de\/gut-health\/das-darmmikrobiom-und-probiotika-verstehen-warum-gesundheit-im-darm-beginnt\/\">\n                  <h4>Das Darmmikrobiom und Probiotika verstehen: Warum Gesundheit im Darm beginnt<\/h4>\n                <\/a>\n                              <\/div>\n            <\/div>\n                        <div class=\"ti-item\">\n              <div class=\"gl-single\">\n\n                                <div class=\"post-meta cd-cat\">\n                  <a href=\"https:\/\/insights.avea-life.com\/de\/longevity\/\">\n                    <h4 class=\"text-uppercase\">Longevity<\/h4>\n                  <\/a>\n                <\/div>\n                \n                                <a href=\"https:\/\/insights.avea-life.com\/de\/longevity\/zombie-zellen-lassen-dich-schneller-altern-so-wirst-du-seneszente-zellen-auf-natuerliche-weise-los\/\">\n                  <h4>Zombie-Zellen lassen dich schneller altern: So wirst du seneszente Zellen auf nat\u00fcrliche Weise los<\/h4>\n                <\/a>\n                              <\/div>\n            <\/div>\n                        <div class=\"ti-item\">\n              <div class=\"gl-single\">\n\n                                <div class=\"post-meta cd-cat\">\n                  <a href=\"https:\/\/insights.avea-life.com\/de\/hautpflege\/\">\n                    <h4 class=\"text-uppercase\">Hautpflege<\/h4>\n                  <\/a>\n                <\/div>\n                \n                                <a href=\"https:\/\/insights.avea-life.com\/de\/skincare\/avea-collagen-activator-im-test-wissenschaftlich-fundiert-sichtbar-wirksam\/\">\n                  <h4>AVEA Collagen Activator Test \u2013 Wissenschaftlich gepr\u00fcft und sichtbar wirksam<\/h4>\n                <\/a>\n                              <\/div>\n            <\/div>\n                        <div class=\"ti-item\">\n              <div class=\"gl-single\">\n\n                                <div class=\"post-meta cd-cat\">\n                  <a href=\"https:\/\/insights.avea-life.com\/de\/longevity\/\">\n                    <h4 class=\"text-uppercase\">Longevity<\/h4>\n                  <\/a>\n                <\/div>\n                \n                                <a href=\"https:\/\/insights.avea-life.com\/de\/longevity\/avea-supplement-review-funktionieren-nmn-booster-wirklich\/\">\n                  <h4>AVEA Supplement Review: Funktionieren NMN + Booster (Vitality Bundle) wirklich?<\/h4>\n                <\/a>\n                              <\/div>\n            <\/div>\n                        <div class=\"ti-item\">\n              <div class=\"gl-single\">\n\n                                <div class=\"post-meta cd-cat\">\n                  <a href=\"https:\/\/insights.avea-life.com\/de\/longevity\/\">\n                    <h4 class=\"text-uppercase\">Longevity<\/h4>\n                  <\/a>\n                <\/div>\n                \n                                <a href=\"https:\/\/insights.avea-life.com\/de\/longevity\/nad-injektionen-vs-nad-supplement-was-unterstuetzt-die-langfristige-zellgesundheit-besser\/\">\n                  <h4>NAD+-Injektionen vs. NAD+-Supplement \u2013 was unterst\u00fctzt die langfristige Zellgesundheit besser?<\/h4>\n                <\/a>\n                              <\/div>\n            <\/div>\n                        <div class=\"ti-item\">\n              <div class=\"gl-single\">\n\n                                <div class=\"post-meta cd-cat\">\n                  <a href=\"https:\/\/insights.avea-life.com\/de\/longevity\/\">\n                    <h4 class=\"text-uppercase\">Longevity<\/h4>\n                  <\/a>\n                <\/div>\n                \n                                <a href=\"https:\/\/insights.avea-life.com\/de\/longevity\/bryan-johnson-blueprint\/\">\n                  <h4>Bryan Johnson Blueprint: einfach erkl\u00e4rt<\/h4>\n                <\/a>\n                              <\/div>\n            <\/div>\n                      <\/div>\n                  <\/aside>\n      <\/div>\n\n            \n    <\/div>\n  <\/div>\n<\/section>\n\n\n\n<section class=\"lead-gen download-block mx-auto mt-68px mt-lg-0\">\n    <div class=\"container\">\n        <div class=\"row align-items-end\">\n            <div class=\"col-lg-6 \">\n                <div class=\"db-image-wrapper mb-24px mb-lg-0\">\n                    <div class=\"db-image\">\n                                                                        <img loading=\"lazy\" decoding=\"async\" width=\"1024\" height=\"1024\" src=\"https:\/\/insights.avea-life.com\/wp-content\/uploads\/2024\/09\/avea-blueprint.png\" class=\"attachment-full size-full\" alt=\"\" srcset=\"https:\/\/insights.avea-life.com\/wp-content\/uploads\/2024\/09\/avea-blueprint.png 1024w, https:\/\/insights.avea-life.com\/wp-content\/uploads\/2024\/09\/avea-blueprint-300x300.png 300w, https:\/\/insights.avea-life.com\/wp-content\/uploads\/2024\/09\/avea-blueprint-150x150.png 150w, https:\/\/insights.avea-life.com\/wp-content\/uploads\/2024\/09\/avea-blueprint-768x768.png 768w\" sizes=\"auto, (max-width: 1024px) 100vw, 1024px\" style=\"width:100%;height:100%;max-width:1024px;\" \/>                                            <\/div>\n                <\/div>\n            <\/div>\n            <div class=\"col-lg-6 \">\n                <div class=\"db-content lg-text \">\n                                        <h2 class=\"mb-24px\">Kostenloser Guide zur Umkehrung deines biologischen Alters<\/h2>\n                                        <ul>\n<li><span style=\"font-weight: 400\">Lerne die Wissenschaft der Verj\u00fcngung kennen.<\/span><\/li>\n<li><span style=\"font-weight: 400\">Wende bew\u00e4hrte Tipps an, um die biologische Uhr zur\u00fcckzudrehen.<\/span><\/li>\n<li><span style=\"font-weight: 400\">Transformiere deine Gesundheit mit den besten Longevity-Expert*innen.<\/span><\/li>\n<\/ul>\n\n                                        <a href=\"https:\/\/avea-life.com\/de\/pages\/blueprint\" target=\"_self\"\n                        class=\"btn-cta\">KOSTENLOSER DOWNLOAD<\/a>\n                                    <\/div>\n            <\/div>\n        <\/div>\n    <\/div>\n<\/section>","protected":false},"excerpt":{"rendered":"","protected":false},"author":5,"featured_media":0,"parent":0,"menu_order":0,"comment_status":"closed","ping_status":"closed","template":"index.php","meta":{"_acf_changed":true,"limit_modified_date":"","last_modified_date":"","footnotes":""},"class_list":["post-4301","page","type-page","status-publish","hentry","entry"],"acf":[],"_links":{"self":[{"href":"https:\/\/insights.avea-life.com\/de\/wp-json\/wp\/v2\/pages\/4301","targetHints":{"allow":["GET"]}}],"collection":[{"href":"https:\/\/insights.avea-life.com\/de\/wp-json\/wp\/v2\/pages"}],"about":[{"href":"https:\/\/insights.avea-life.com\/de\/wp-json\/wp\/v2\/types\/page"}],"author":[{"embeddable":true,"href":"https:\/\/insights.avea-life.com\/de\/wp-json\/wp\/v2\/users\/5"}],"replies":[{"embeddable":true,"href":"https:\/\/insights.avea-life.com\/de\/wp-json\/wp\/v2\/comments?post=4301"}],"version-history":[{"count":0,"href":"https:\/\/insights.avea-life.com\/de\/wp-json\/wp\/v2\/pages\/4301\/revisions"}],"wp:attachment":[{"href":"https:\/\/insights.avea-life.com\/de\/wp-json\/wp\/v2\/media?parent=4301"}],"curies":[{"name":"wp","href":"https:\/\/api.w.org\/{rel}","templated":true}]}}